{"id":1872,"date":"2024-04-23T16:28:47","date_gmt":"2024-04-23T14:28:47","guid":{"rendered":"https:\/\/nagygombos.com\/termek\/barta-anna-kadarka-2021\/"},"modified":"2024-04-23T16:50:26","modified_gmt":"2024-04-23T14:50:26","slug":"barta-anna-kadarka-2021","status":"publish","type":"product","link":"https:\/\/nagygombos.com\/en\/product\/barta-anna-kadarka-2021\/","title":{"rendered":"Barta Anna <br\/>Kadarka 2021"},"content":{"rendered":"","protected":false},"excerpt":{"rendered":"<p>2018-as tavaszi telep\u00edt\u00e9s\u0171 \u00fcltetv\u00e9ny a K\u00f3cos d\u0171l\u0151ben.<\/p>\n<p>A 21-es k\u00e9s\u0151n fakad\u00f3 \u00e9vj\u00e1ratot j\u00f3l b\u00edrta, de kellett hozz\u00e1 egy kiegyens\u00falyozott ny\u00e1r is, hogy behozza a tavaszi lemarad\u00e1sokat. Sz\u00fcret k\u00e9t f\u00e1zisban t\u00f6rt\u00e9nt szeptember v\u00e9g\u00e9n \u00e9s okt\u00f3ber legelej\u00e9n. Pr\u00e9sel\u00e9s ut\u00e1n egyszer fejtett \u00fajbork\u00e9nt ker\u00fclt a fele 500 literes hord\u00f3ba, a m\u00e1sik fele pedig \u00fasz\u00f3fedeles tart\u00e1lyba, ahonnan egy \u00e9v ut\u00e1n ker\u00fclt \u00f6sszefejt\u00e9sre, \u00e9s a sz\u00fcretet k\u00f6vet\u0151 m\u00e1sodik \u00e9vben ker\u00fclt csak palackba. Illat\u00e1ban az \u00e9rett gy\u00fcm\u00f6lcs\u00f6k domin\u00e1lnak egy kis hord\u00f3s f\u0171szeress\u00e9ggel, amik sz\u00e9pen kieg\u00e9sz\u00edtik a visszafogott tannint \u00e9s az \u00e9rett nem t\u00falz\u00f3 savakat az \u00edz\u00e9ben.<\/p>\n<p><strong>Varieties:<\/strong> Kadarka<br \/>\n<strong>Alcohol:<\/strong> 13.5% vol<br \/>\n<strong>Acidity:<\/strong> 4.5 g\/l<br \/>\n<strong>Residual sugar:<\/strong> 2 g\/l<br \/>\n<strong>Bottle:<\/strong> 0.75 liter<\/p>\n","protected":false},"featured_media":1864,"template":"","meta":[],"product_brand":[],"product_cat":[57,61],"product_tag":[],"class_list":{"0":"post-1872","1":"product","2":"type-product","3":"status-publish","4":"has-post-thumbnail","6":"product_cat-barta-anna-premuim-wines","7":"product_cat-red","9":"first","10":"instock","11":"shipping-taxable","12":"purchasable","13":"product-type-simple"},"_links":{"self":[{"href":"https:\/\/nagygombos.com\/en\/wp-json\/wp\/v2\/product\/1872","targetHints":{"allow":["GET"]}}],"collection":[{"href":"https:\/\/nagygombos.com\/en\/wp-json\/wp\/v2\/product"}],"about":[{"href":"https:\/\/nagygombos.com\/en\/wp-json\/wp\/v2\/types\/product"}],"wp:featuredmedia":[{"embeddable":true,"href":"https:\/\/nagygombos.com\/en\/wp-json\/wp\/v2\/media\/1864"}],"wp:attachment":[{"href":"https:\/\/nagygombos.com\/en\/wp-json\/wp\/v2\/media?parent=1872"}],"wp:term":[{"taxonomy":"product_brand","embeddable":true,"href":"https:\/\/nagygombos.com\/en\/wp-json\/wp\/v2\/product_brand?post=1872"},{"taxonomy":"product_cat","embeddable":true,"href":"https:\/\/nagygombos.com\/en\/wp-json\/wp\/v2\/product_cat?post=1872"},{"taxonomy":"product_tag","embeddable":true,"href":"https:\/\/nagygombos.com\/en\/wp-json\/wp\/v2\/product_tag?post=1872"}],"curies":[{"name":"wp","href":"https:\/\/api.w.org\/{rel}","templated":true}]}}