{"id":1870,"date":"2024-04-23T16:32:11","date_gmt":"2024-04-23T14:32:11","guid":{"rendered":"https:\/\/nagygombos.com\/termek\/barta-anna-tizenhat-2021\/"},"modified":"2024-04-23T16:51:26","modified_gmt":"2024-04-23T14:51:26","slug":"barta-anna-tizenhat-2021","status":"publish","type":"product","link":"https:\/\/nagygombos.com\/en\/product\/barta-anna-tizenhat-2021\/","title":{"rendered":"Barta Anna<br\/> Tizenhat 2021"},"content":{"rendered":"","protected":false},"excerpt":{"rendered":"<p>2001-es telep\u00edt\u00e9s\u0171 Merlot, Kadarka szomsz\u00e9dja a K\u00f3cos d\u0171l\u00f6ben. A 2021-es \u00e9vj\u00e1rat jellemz\u0151je volt n\u00e1lunk, hogy savb\u00f3l \u00e9s cukorb\u00f3l is rengeteg volt. Nem szerett\u00fcnk volna ennyi alkoholt sz\u00e1nd\u00e9kosan, csak egy p\u00e1r sor kint maradt okt\u00f3ber k\u00f6zep\u00e9ig kapacit\u00e1s hi\u00e1ny\u00e1ban, de t\u00f6k\u00e9letesen egeszs\u00e9ges volt. Csak tart\u00e1lyban volt, k\u00e9t \u00e9v ut\u00e1n ker\u00fclt palackba. Egy nehezebb, vaskosabb bor,  amit az erdei gy\u00fcm\u00f6lcs\u00f6lcs\u00f6s arom\u00e1k sokkal bar\u00e1ts\u00e1gosabb\u00e1 tesznek ann\u00e1l, mint amit a 16 % alkohol \u00edg\u00e9r.<\/p>\n<p><strong>Varieties:<\/strong> Merlot<br \/>\n<strong>Alcohol:<\/strong> 16 % vol.<br \/>\n<strong>Acidity:<\/strong> 4.3 g\/l<br \/>\n<strong>Residual sugar:<\/strong> 3,7 g\/l<br \/>\n<strong>Bottle:<\/strong> 0,75 liter<\/p>\n","protected":false},"featured_media":1868,"template":"","meta":[],"product_brand":[],"product_cat":[57,61],"product_tag":[],"class_list":{"0":"post-1870","1":"product","2":"type-product","3":"status-publish","4":"has-post-thumbnail","6":"product_cat-barta-anna-premuim-wines","7":"product_cat-red","9":"first","10":"instock","11":"shipping-taxable","12":"purchasable","13":"product-type-simple"},"_links":{"self":[{"href":"https:\/\/nagygombos.com\/en\/wp-json\/wp\/v2\/product\/1870","targetHints":{"allow":["GET"]}}],"collection":[{"href":"https:\/\/nagygombos.com\/en\/wp-json\/wp\/v2\/product"}],"about":[{"href":"https:\/\/nagygombos.com\/en\/wp-json\/wp\/v2\/types\/product"}],"wp:featuredmedia":[{"embeddable":true,"href":"https:\/\/nagygombos.com\/en\/wp-json\/wp\/v2\/media\/1868"}],"wp:attachment":[{"href":"https:\/\/nagygombos.com\/en\/wp-json\/wp\/v2\/media?parent=1870"}],"wp:term":[{"taxonomy":"product_brand","embeddable":true,"href":"https:\/\/nagygombos.com\/en\/wp-json\/wp\/v2\/product_brand?post=1870"},{"taxonomy":"product_cat","embeddable":true,"href":"https:\/\/nagygombos.com\/en\/wp-json\/wp\/v2\/product_cat?post=1870"},{"taxonomy":"product_tag","embeddable":true,"href":"https:\/\/nagygombos.com\/en\/wp-json\/wp\/v2\/product_tag?post=1870"}],"curies":[{"name":"wp","href":"https:\/\/api.w.org\/{rel}","templated":true}]}}