{"id":1637,"date":"2022-03-22T12:05:53","date_gmt":"2022-03-22T11:05:53","guid":{"rendered":"https:\/\/nagygombos.com\/termek\/nagygombos-konnyed-voros-2018\/"},"modified":"2025-06-23T19:51:24","modified_gmt":"2025-06-23T17:51:24","slug":"nagygombos-konnyed-voros-2023","status":"publish","type":"product","link":"https:\/\/nagygombos.com\/en\/product\/nagygombos-konnyed-voros-2023\/","title":{"rendered":"Nagygombos <br\/>K\u00f6nnyed V\u00f6r\u00f6s 2023"},"content":{"rendered":"","protected":false},"excerpt":{"rendered":"<p>Ruby core with purple rim. An intense and attractive nose packed full of fruits. The exciting and colourful palate shows cherries, blueberry, plums, sweet spices, juniper and blood oranges. True to its name this is a lithe, friendly and perky wine.<\/p>\n<p><strong>Varieties:<\/strong> kadarka<br \/>\n<strong>Alcohol:<\/strong> 13.5 %<br \/>\n<strong>Acidity:<\/strong> 4.7 g\/l<br \/>\n<strong>Residual sugar:<\/strong> 2 g\/l<br \/>\n<strong>Bottle:<\/strong> 0.75 l<\/p>\n","protected":false},"featured_media":1470,"template":"","meta":[],"product_brand":[],"product_cat":[59,61],"product_tag":[],"class_list":{"0":"post-1637","1":"product","2":"type-product","3":"status-publish","4":"has-post-thumbnail","6":"product_cat-nagygombos-wines","7":"product_cat-red","9":"first","10":"instock","11":"shipping-taxable","12":"purchasable","13":"product-type-simple"},"_links":{"self":[{"href":"https:\/\/nagygombos.com\/en\/wp-json\/wp\/v2\/product\/1637","targetHints":{"allow":["GET"]}}],"collection":[{"href":"https:\/\/nagygombos.com\/en\/wp-json\/wp\/v2\/product"}],"about":[{"href":"https:\/\/nagygombos.com\/en\/wp-json\/wp\/v2\/types\/product"}],"wp:featuredmedia":[{"embeddable":true,"href":"https:\/\/nagygombos.com\/en\/wp-json\/wp\/v2\/media\/1470"}],"wp:attachment":[{"href":"https:\/\/nagygombos.com\/en\/wp-json\/wp\/v2\/media?parent=1637"}],"wp:term":[{"taxonomy":"product_brand","embeddable":true,"href":"https:\/\/nagygombos.com\/en\/wp-json\/wp\/v2\/product_brand?post=1637"},{"taxonomy":"product_cat","embeddable":true,"href":"https:\/\/nagygombos.com\/en\/wp-json\/wp\/v2\/product_cat?post=1637"},{"taxonomy":"product_tag","embeddable":true,"href":"https:\/\/nagygombos.com\/en\/wp-json\/wp\/v2\/product_tag?post=1637"}],"curies":[{"name":"wp","href":"https:\/\/api.w.org\/{rel}","templated":true}]}}