{"id":1633,"date":"2025-06-22T12:21:04","date_gmt":"2025-06-22T10:21:04","guid":{"rendered":"https:\/\/nagygombos.com\/termek\/nagygombos-illatos-feher-2021\/"},"modified":"2025-06-23T19:49:16","modified_gmt":"2025-06-23T17:49:16","slug":"nagygombos-illatos-feher-2024","status":"publish","type":"product","link":"https:\/\/nagygombos.com\/en\/product\/nagygombos-illatos-feher-2024\/","title":{"rendered":"Nagygombos <br\/>Illatos Feh\u00e9r 2024"},"content":{"rendered":"","protected":false},"excerpt":{"rendered":"<p>The nose displays fruit and white flowers, the palate offers green apple, gooseberry and citrus fruits, with added excitement coming from white tea notes. Light, fresh wine with vivid acids and a touch of residual sugar.<\/p>\n<p>It could be the star of the summer.<\/p>\n<p><strong>Varieties:<\/strong> tramini, s\u00e1rga muskot\u00e1ly, h\u00e1rslevel\u0171,<br \/>\n<strong>Alcohol:<\/strong> 11%<br \/>\n<strong>Acidity:<\/strong> 7.1 g\/l<br \/>\n<strong>Residual sugar:<\/strong> 5.9 g\/l<br \/>\n<strong>Bottle:<\/strong> 0.75 l<\/p>\n","protected":false},"featured_media":1501,"template":"","meta":[],"product_brand":[],"product_cat":[59,58],"product_tag":[],"class_list":{"0":"post-1633","1":"product","2":"type-product","3":"status-publish","4":"has-post-thumbnail","6":"product_cat-nagygombos-wines","7":"product_cat-white","9":"first","10":"instock","11":"shipping-taxable","12":"purchasable","13":"product-type-simple"},"_links":{"self":[{"href":"https:\/\/nagygombos.com\/en\/wp-json\/wp\/v2\/product\/1633","targetHints":{"allow":["GET"]}}],"collection":[{"href":"https:\/\/nagygombos.com\/en\/wp-json\/wp\/v2\/product"}],"about":[{"href":"https:\/\/nagygombos.com\/en\/wp-json\/wp\/v2\/types\/product"}],"wp:featuredmedia":[{"embeddable":true,"href":"https:\/\/nagygombos.com\/en\/wp-json\/wp\/v2\/media\/1501"}],"wp:attachment":[{"href":"https:\/\/nagygombos.com\/en\/wp-json\/wp\/v2\/media?parent=1633"}],"wp:term":[{"taxonomy":"product_brand","embeddable":true,"href":"https:\/\/nagygombos.com\/en\/wp-json\/wp\/v2\/product_brand?post=1633"},{"taxonomy":"product_cat","embeddable":true,"href":"https:\/\/nagygombos.com\/en\/wp-json\/wp\/v2\/product_cat?post=1633"},{"taxonomy":"product_tag","embeddable":true,"href":"https:\/\/nagygombos.com\/en\/wp-json\/wp\/v2\/product_tag?post=1633"}],"curies":[{"name":"wp","href":"https:\/\/api.w.org\/{rel}","templated":true}]}}