{"id":1556,"date":"2022-03-22T17:21:08","date_gmt":"2022-03-22T16:21:08","guid":{"rendered":"https:\/\/nagygombos.com\/sajto\/"},"modified":"2022-05-30T11:43:48","modified_gmt":"2022-05-30T09:43:48","slug":"press","status":"publish","type":"page","link":"https:\/\/nagygombos.com\/en\/press\/","title":{"rendered":"Press"},"content":{"rendered":"\n<style type=\"text\/css\" data-created_by=\"avia_inline_auto\" id=\"style-css-av-dapro-b6af0cf505353ce8b6b9a2104d5573e8\">\n.avia-section.av-dapro-b6af0cf505353ce8b6b9a2104d5573e8 .av-parallax .av-parallax-inner{\nbackground-repeat:no-repeat;\nbackground-image:url(https:\/\/nagygombos.com\/wp-content\/uploads\/2022\/03\/DF_Nagygombos_058.jpg);\nbackground-position:50% 50%;\nbackground-attachment:scroll;\n}\n.avia-section.av-dapro-b6af0cf505353ce8b6b9a2104d5573e8 .av-section-color-overlay{\nopacity:0.5;\nbackground-image:url(https:\/\/nagygombos.com\/wp-content\/themes\/ng571\/images\/background-images\/00-grad.png);\nbackground-repeat:repeat;\n}\n<\/style>\n<div id='top-hero'  class='avia-section av-dapro-b6af0cf505353ce8b6b9a2104d5573e8 main_color avia-section-default avia-no-border-styling  avia-builder-el-0  el_before_av_section  avia-builder-el-first  avia-full-stretch av-parallax-section avia-bg-style-parallax av-section-color-overlay-active av-minimum-height av-minimum-height-50 av-height-50  container_wrap fullsize'  data-section-bg-repeat='stretch' data-av_minimum_height_pc='50' data-av_min_height_opt='50'><div class='av-parallax' data-avia-parallax-ratio='0.3' ><div class='av-parallax-inner main_color avia-full-stretch'><\/div><\/div><div class=\"av-section-color-overlay-wrap\"><div class=\"av-section-color-overlay\"><\/div><div class='container av-section-cont-open' ><main  role=\"main\" itemprop=\"mainContentOfPage\"  class='template-page content  av-content-full alpha units'><div class='post-entry post-entry-type-page post-entry-1556'><div class='entry-content-wrapper clearfix'>\n<div  class='flex_column av-aqj3g-38c230788b90dda3a2c832be2645a8f3 av_one_full  avia-builder-el-1  avia-builder-el-no-sibling  first flex_column_div  '     ><style type=\"text\/css\" data-created_by=\"avia_inline_auto\" id=\"style-css-av-l3icr1bm-e85d7dc9a3d5f0b848131af043ac9fb8\">\n#top .av-special-heading.av-l3icr1bm-e85d7dc9a3d5f0b848131af043ac9fb8{\npadding-bottom:10px;\ncolor:#ffffff;\n}\nbody .av-special-heading.av-l3icr1bm-e85d7dc9a3d5f0b848131af043ac9fb8 .av-special-heading-tag .heading-char{\nfont-size:25px;\n}\n.av-special-heading.av-l3icr1bm-e85d7dc9a3d5f0b848131af043ac9fb8 .special-heading-inner-border{\nborder-color:#ffffff;\n}\n.av-special-heading.av-l3icr1bm-e85d7dc9a3d5f0b848131af043ac9fb8 .av-subheading{\nfont-size:15px;\n}\n<\/style>\n<div  class='av-special-heading av-l3icr1bm-e85d7dc9a3d5f0b848131af043ac9fb8 av-special-heading-h1 custom-color-heading blockquote modern-quote  avia-builder-el-2  avia-builder-el-no-sibling '><h1 class='av-special-heading-tag'  itemprop=\"headline\"  >Press<\/h1><div class=\"special-heading-border\"><div class=\"special-heading-inner-border\"><\/div><\/div><\/div><\/div><\/div><\/div><\/main><!-- close content main element --><\/div><\/div><\/div><div id='av_section_2'  class='avia-section av-l12cfeso-7111e999882afd3598d7a204eeefffb1 main_color avia-section-default avia-no-border-styling  avia-builder-el-3  el_after_av_section  avia-builder-el-last  avia-bg-style-scroll container_wrap fullsize'  ><div class='container av-section-cont-open' ><div class='template-page content  av-content-full alpha units'><div class='post-entry post-entry-type-page post-entry-1556'><div class='entry-content-wrapper clearfix'>\n<div id='av-masonry-1' class='av-masonry av-l12cg23e-26aecd9e348a839a91a8dec69344e0ce noHover av-fixed-size av-large-gap av-hover-overlay-active av-masonry-animation-active av-masonry-col-3 av-caption-always av-caption-style- av-masonry-entries av-medium-columns-overwrite av-medium-columns-2 av-small-columns-overwrite av-small-columns-2 av-mini-columns-overwrite av-mini-columns-1 ' data-post_id=\"1556\"><div class=\"av-masonry-container isotope av-js-disabled\"><div class='av-masonry-entry isotope-item av-masonry-item-no-image '><\/div><a href=\"https:\/\/nagygombos.com\/en\/product\/nagygombos-illatos-feher-2023\/\"  id='av-masonry-1-item-1921' data-av-masonry-item='1921' class='av-masonry-entry isotope-item post-1921 product type-product status-publish has-post-thumbnail product_cat-nagygombos-wines product_cat-white first instock shipping-taxable purchasable product-type-simple  av-masonry-item-with-image av-grid-img' title=\"Nagygombos Illatos Feh\u00e9r 2021\"   itemscope=\"itemscope\" itemtype=\"https:\/\/schema.org\/CreativeWork\" ><div class='av-inner-masonry-sizer'><\/div><figure class='av-inner-masonry main_color'><div class=\"av-masonry-outerimage-container\"><div class='av-masonry-image-container' style=\"background-image: url(https:\/\/nagygombos.com\/wp-content\/uploads\/2022\/04\/nagygombos-illatos-feher-2021_df-495x400.jpg);\"  title=\"Nagygombos Illatos Feh\u00e9r 2021\"   alt=\"Nagygombos Illatos Feh\u00e9r 2024\" ><\/div><\/div><figcaption class='av-inner-masonry-content site-background'><div class='av-inner-masonry-content-pos'><div class='av-inner-masonry-content-pos-content'><div class='avia-arrow'><\/div><h3 class='av-masonry-entry-title entry-title '  itemprop=\"headline\" >Nagygombos <br\/>Illatos Feh\u00e9r 2023<\/h3><span class=\"av-masonry-price price\"><span class=\"woocommerce-Price-amount amount\"><bdi>1370&nbsp;<span class=\"woocommerce-Price-currencySymbol\">&#70;&#116;<\/span><\/bdi><\/span><\/span><\/div><\/div><\/figcaption><\/figure><\/a><!--end av-masonry entry--><a href=\"https:\/\/nagygombos.com\/en\/product\/nagygombos-jatekos-rose-2023-masolat\/\"  id='av-masonry-1-item-1918' data-av-masonry-item='1918' class='av-masonry-entry isotope-item post-1918 product type-product status-publish has-post-thumbnail product_cat-nagygombos-wines product_cat-rosee  instock shipping-taxable purchasable product-type-simple  av-masonry-item-with-image av-grid-img' title=\"Nagygombos J\u00e1t\u00e9kos Ros\u00e9 2021\"   itemscope=\"itemscope\" itemtype=\"https:\/\/schema.org\/CreativeWork\" ><div class='av-inner-masonry-sizer'><\/div><figure class='av-inner-masonry main_color'><div class=\"av-masonry-outerimage-container\"><div class='av-masonry-image-container' style=\"background-image: url(https:\/\/nagygombos.com\/wp-content\/uploads\/2022\/04\/nagygombos-jatekos-rose-2021_df-495x400.jpg);\"  title=\"Nagygombos J\u00e1t\u00e9kos Ros\u00e9 2021\"   alt=\"Nagygombos J\u00e1t\u00e9kos Ros\u00e9 2024\" ><\/div><\/div><figcaption class='av-inner-masonry-content site-background'><div class='av-inner-masonry-content-pos'><div class='av-inner-masonry-content-pos-content'><div class='avia-arrow'><\/div><h3 class='av-masonry-entry-title entry-title '  itemprop=\"headline\" >Nagygombos <br\/>J\u00e1t\u00e9kos Ros\u00e9 2023<\/h3><span class=\"av-masonry-price price\"><span class=\"woocommerce-Price-amount amount\"><bdi>1370&nbsp;<span class=\"woocommerce-Price-currencySymbol\">&#70;&#116;<\/span><\/bdi><\/span><\/span><\/div><\/div><\/figcaption><\/figure><\/a><!--end av-masonry entry--><a href=\"https:\/\/nagygombos.com\/en\/product\/barta-anna-gamay-noir-rose-2024\/\"  id='av-masonry-1-item-1614' data-av-masonry-item='1614' class='av-masonry-entry isotope-item post-1614 product type-product status-publish has-post-thumbnail product_cat-barta-anna-premuim-wines product_cat-rosee last instock shipping-taxable purchasable product-type-simple  av-masonry-item-with-image av-grid-img' title=\"Barta Anna Gamay Noir Ros\u00e9 2019\"   itemscope=\"itemscope\" itemtype=\"https:\/\/schema.org\/CreativeWork\" ><div class='av-inner-masonry-sizer'><\/div><figure class='av-inner-masonry main_color'><div class=\"av-masonry-outerimage-container\"><div class='av-masonry-image-container' style=\"background-image: url(https:\/\/nagygombos.com\/wp-content\/uploads\/2022\/03\/barta-anna-gamay-noir-rose-2019-495x400.jpg);\"  title=\"Barta Anna Gamay Noir Ros\u00e9 2019\"  ><\/div><\/div><figcaption class='av-inner-masonry-content site-background'><div class='av-inner-masonry-content-pos'><div class='av-inner-masonry-content-pos-content'><div class='avia-arrow'><\/div><h3 class='av-masonry-entry-title entry-title '  itemprop=\"headline\" >Barta Anna <br\/>Gamay Noir Ros\u00e9 2024<\/h3><span class=\"av-masonry-price price\"><span class=\"woocommerce-Price-amount amount\"><bdi>2125&nbsp;<span class=\"woocommerce-Price-currencySymbol\">&#70;&#116;<\/span><\/bdi><\/span><\/span><\/div><\/div><\/figcaption><\/figure><\/a><!--end av-masonry entry--><a href=\"https:\/\/nagygombos.com\/en\/product\/nagygombos-jatekos-rose-2024\/\"  id='av-masonry-1-item-1622' data-av-masonry-item='1622' class='av-masonry-entry isotope-item post-1622 product type-product status-publish has-post-thumbnail product_cat-nagygombos-wines product_cat-rosee first instock shipping-taxable purchasable product-type-simple  av-masonry-item-with-image av-grid-img' title=\"Nagygombos J\u00e1t\u00e9kos Ros\u00e9 2021\"   itemscope=\"itemscope\" itemtype=\"https:\/\/schema.org\/CreativeWork\" ><div class='av-inner-masonry-sizer'><\/div><figure class='av-inner-masonry main_color'><div class=\"av-masonry-outerimage-container\"><div class='av-masonry-image-container' style=\"background-image: url(https:\/\/nagygombos.com\/wp-content\/uploads\/2022\/04\/nagygombos-jatekos-rose-2021_df-495x400.jpg);\"  title=\"Nagygombos J\u00e1t\u00e9kos Ros\u00e9 2021\"   alt=\"Nagygombos J\u00e1t\u00e9kos Ros\u00e9 2024\" ><\/div><\/div><figcaption class='av-inner-masonry-content site-background'><div class='av-inner-masonry-content-pos'><div class='av-inner-masonry-content-pos-content'><div class='avia-arrow'><\/div><h3 class='av-masonry-entry-title entry-title '  itemprop=\"headline\" >Nagygombos <br\/>J\u00e1t\u00e9kos Ros\u00e9 2024<\/h3><span class=\"av-masonry-price price\"><span class=\"woocommerce-Price-amount amount\"><bdi>1790&nbsp;<span class=\"woocommerce-Price-currencySymbol\">&#70;&#116;<\/span><\/bdi><\/span><\/span><\/div><\/div><\/figcaption><\/figure><\/a><!--end av-masonry entry--><a href=\"https:\/\/nagygombos.com\/en\/product\/nagygombos-illatos-feher-2024\/\"  id='av-masonry-1-item-1633' data-av-masonry-item='1633' class='av-masonry-entry isotope-item post-1633 product type-product status-publish has-post-thumbnail product_cat-nagygombos-wines product_cat-white  instock shipping-taxable purchasable product-type-simple  av-masonry-item-with-image av-grid-img' title=\"Nagygombos Illatos Feh\u00e9r 2021\"   itemscope=\"itemscope\" itemtype=\"https:\/\/schema.org\/CreativeWork\" ><div class='av-inner-masonry-sizer'><\/div><figure class='av-inner-masonry main_color'><div class=\"av-masonry-outerimage-container\"><div class='av-masonry-image-container' style=\"background-image: url(https:\/\/nagygombos.com\/wp-content\/uploads\/2022\/04\/nagygombos-illatos-feher-2021_df-495x400.jpg);\"  title=\"Nagygombos Illatos Feh\u00e9r 2021\"   alt=\"Nagygombos Illatos Feh\u00e9r 2024\" ><\/div><\/div><figcaption class='av-inner-masonry-content site-background'><div class='av-inner-masonry-content-pos'><div class='av-inner-masonry-content-pos-content'><div class='avia-arrow'><\/div><h3 class='av-masonry-entry-title entry-title '  itemprop=\"headline\" >Nagygombos <br\/>Illatos Feh\u00e9r 2024<\/h3><span class=\"av-masonry-price price\"><span class=\"woocommerce-Price-amount amount\"><bdi>1790&nbsp;<span class=\"woocommerce-Price-currencySymbol\">&#70;&#116;<\/span><\/bdi><\/span><\/span><\/div><\/div><\/figcaption><\/figure><\/a><!--end av-masonry entry--><a href=\"https:\/\/nagygombos.com\/en\/product\/barta-anna-tizenhat-2021\/\"  id='av-masonry-1-item-1870' data-av-masonry-item='1870' class='av-masonry-entry isotope-item post-1870 product type-product status-publish has-post-thumbnail product_cat-barta-anna-premuim-wines product_cat-red last instock shipping-taxable purchasable product-type-simple  av-masonry-item-with-image av-grid-img' title=\"barta-anna-duo-tizenhat-2021\"   itemscope=\"itemscope\" itemtype=\"https:\/\/schema.org\/CreativeWork\" ><div class='av-inner-masonry-sizer'><\/div><figure class='av-inner-masonry main_color'><div class=\"av-masonry-outerimage-container\"><div class='av-masonry-image-container' style=\"background-image: url(https:\/\/nagygombos.com\/wp-content\/uploads\/2024\/04\/barta-anna-duo-tizenhat-2021-495x400.jpg);\"  title=\"barta-anna-duo-tizenhat-2021\"   alt=\"Barta Anna Tizenhat 2021\" ><\/div><\/div><figcaption class='av-inner-masonry-content site-background'><div class='av-inner-masonry-content-pos'><div class='av-inner-masonry-content-pos-content'><div class='avia-arrow'><\/div><h3 class='av-masonry-entry-title entry-title '  itemprop=\"headline\" >Barta Anna<br\/> Tizenhat 2021<\/h3><span class=\"av-masonry-price price\"><span class=\"woocommerce-Price-amount amount\"><bdi>3900&nbsp;<span class=\"woocommerce-Price-currencySymbol\">&#70;&#116;<\/span><\/bdi><\/span><\/span><\/div><\/div><\/figcaption><\/figure><\/a><!--end av-masonry entry--><a href=\"https:\/\/nagygombos.com\/en\/product\/barta-anna-kadarka-2021\/\"  id='av-masonry-1-item-1872' data-av-masonry-item='1872' class='av-masonry-entry isotope-item post-1872 product type-product status-publish has-post-thumbnail product_cat-barta-anna-premuim-wines product_cat-red first instock shipping-taxable purchasable product-type-simple  av-masonry-item-with-image av-grid-img' title=\"barta-anna-kadarka-2021\"   itemscope=\"itemscope\" itemtype=\"https:\/\/schema.org\/CreativeWork\" ><div class='av-inner-masonry-sizer'><\/div><figure class='av-inner-masonry main_color'><div class=\"av-masonry-outerimage-container\"><div class='av-masonry-image-container' style=\"background-image: url(https:\/\/nagygombos.com\/wp-content\/uploads\/2024\/04\/barta-anna-kadarka-2021-1-495x400.jpg);\"  title=\"barta-anna-kadarka-2021\"   alt=\"Barta Anna Kadarka 2021\" ><\/div><\/div><figcaption class='av-inner-masonry-content site-background'><div class='av-inner-masonry-content-pos'><div class='av-inner-masonry-content-pos-content'><div class='avia-arrow'><\/div><h3 class='av-masonry-entry-title entry-title '  itemprop=\"headline\" >Barta Anna <br\/>Kadarka 2021<\/h3><span class=\"av-masonry-price price\"><span class=\"woocommerce-Price-amount amount\"><bdi>3900&nbsp;<span class=\"woocommerce-Price-currencySymbol\">&#70;&#116;<\/span><\/bdi><\/span><\/span><\/div><\/div><\/figcaption><\/figure><\/a><!--end av-masonry entry--><a href=\"https:\/\/nagygombos.com\/en\/2022\/06\/02\/1552\/\"  id='av-masonry-1-item-1552' data-av-masonry-item='1552' class='av-masonry-entry isotope-item post-1552 nav_menu_item type-nav_menu_item status-publish hentry  av-masonry-item-no-image' title=\"\"   itemscope=\"itemscope\" itemtype=\"https:\/\/schema.org\/CreativeWork\" ><div class='av-inner-masonry-sizer'><\/div><figure class='av-inner-masonry main_color'><figcaption class='av-inner-masonry-content site-background'><div class='av-inner-masonry-content-pos'><div class='av-inner-masonry-content-pos-content'><div class='avia-arrow'><\/div><h3 class='av-masonry-entry-title entry-title '  itemprop=\"headline\" ><\/h3><\/div><\/div><\/figcaption><\/figure><\/a><!--end av-masonry entry--><a href=\"https:\/\/nagygombos.com\/en\/2022\/06\/02\/1553\/\"  id='av-masonry-1-item-1553' data-av-masonry-item='1553' class='av-masonry-entry isotope-item post-1553 nav_menu_item type-nav_menu_item status-publish hentry  av-masonry-item-no-image' title=\"The Estate\"   itemscope=\"itemscope\" itemtype=\"https:\/\/schema.org\/CreativeWork\" ><div class='av-inner-masonry-sizer'><\/div><figure class='av-inner-masonry main_color'><figcaption class='av-inner-masonry-content site-background'><div class='av-inner-masonry-content-pos'><div class='av-inner-masonry-content-pos-content'><div class='avia-arrow'><\/div><h3 class='av-masonry-entry-title entry-title '  itemprop=\"headline\" >The Estate<\/h3><\/div><\/div><\/figcaption><\/figure><\/a><!--end av-masonry entry--><a href=\"https:\/\/nagygombos.com\/en\/2022\/06\/02\/1554\/\"  id='av-masonry-1-item-1554' data-av-masonry-item='1554' class='av-masonry-entry isotope-item post-1554 nav_menu_item type-nav_menu_item status-publish hentry  av-masonry-item-no-image' title=\"\"   itemscope=\"itemscope\" itemtype=\"https:\/\/schema.org\/CreativeWork\" ><div class='av-inner-masonry-sizer'><\/div><figure class='av-inner-masonry main_color'><figcaption class='av-inner-masonry-content site-background'><div class='av-inner-masonry-content-pos'><div class='av-inner-masonry-content-pos-content'><div class='avia-arrow'><\/div><h3 class='av-masonry-entry-title entry-title '  itemprop=\"headline\" ><\/h3><\/div><\/div><\/figcaption><\/figure><\/a><!--end av-masonry entry--><a href=\"https:\/\/nagygombos.com\/en\/2022\/06\/02\/1551\/\"  id='av-masonry-1-item-1551' data-av-masonry-item='1551' class='av-masonry-entry isotope-item post-1551 nav_menu_item type-nav_menu_item status-publish hentry  av-masonry-item-no-image' title=\"\"   itemscope=\"itemscope\" itemtype=\"https:\/\/schema.org\/CreativeWork\" ><div class='av-inner-masonry-sizer'><\/div><figure class='av-inner-masonry main_color'><figcaption class='av-inner-masonry-content site-background'><div class='av-inner-masonry-content-pos'><div class='av-inner-masonry-content-pos-content'><div class='avia-arrow'><\/div><h3 class='av-masonry-entry-title entry-title '  itemprop=\"headline\" ><\/h3><\/div><\/div><\/figcaption><\/figure><\/a><!--end av-masonry entry--><a href=\"https:\/\/nagygombos.com\/en\/2022\/05\/30\/884\/\"  id='av-masonry-1-item-884' data-av-masonry-item='884' class='av-masonry-entry isotope-item post-884 nav_menu_item type-nav_menu_item status-publish hentry  av-masonry-item-no-image' title=\"\"   itemscope=\"itemscope\" itemtype=\"https:\/\/schema.org\/CreativeWork\" ><div class='av-inner-masonry-sizer'><\/div><figure class='av-inner-masonry main_color'><figcaption class='av-inner-masonry-content site-background'><div class='av-inner-masonry-content-pos'><div class='av-inner-masonry-content-pos-content'><div class='avia-arrow'><\/div><h3 class='av-masonry-entry-title entry-title '  itemprop=\"headline\" ><\/h3><\/div><\/div><\/figcaption><\/figure><\/a><!--end av-masonry entry--><\/div><a class='av-masonry-pagination av-masonry-load-more' href='#load-more'  data-link='category, 47'  data-term_rel='IN'  data-wc_prod_visible=''  data-wc_prod_hidden='hide'  data-wc_prod_featured=''  data-prod_order_by=''  data-prod_order=''  data-date_filter=''  data-date_filter_start=''  data-date_filter_end=''  data-date_filter_format='yy\/mm\/dd'  data-period_filter_unit_1='1'  data-period_filter_unit_2='year'  data-page_element_filter=''  data-sort='no'  data-query_orderby='date'  data-query_order='DESC'  data-caption_elements='title'  data-caption_styling=''  data-caption_display='always'  data-img_copyright=''  data-size='fixed masonry'  data-orientation=''  data-image_size='portfolio'  data-gap='large'  data-columns='3'  data-av-desktop-columns=''  data-av-medium-columns='2'  data-av-small-columns='2'  data-av-mini-columns='1'  data-items='12'  data-paginate='load_more'  data-color=''  data-custom_bg=''  data-img_copyright_font=''  data-av-desktop-font-img_copyright_font=''  data-av-medium-font-img_copyright_font=''  data-av-small-font-img_copyright_font=''  data-av-mini-font-img_copyright_font=''  data-img_copyright_color=''  data-img_copyright_bg=''  data-animation='active'  data-animation_duration=''  data-animation_custom_bg_color=''  data-animation_custom_bg_color_multi_list=''  data-animation_z_index_curtain='100'  data-overlay_fx='active'  data-img_scrset=''  data-lazy_loading='disabled'  data-av-desktop-hide=''  data-av-medium-hide=''  data-av-small-hide=''  data-av-mini-hide=''  data-alb_description=''  data-id=''  data-custom_class=''  data-template_class=''  data-av_uid='av-l12cg23e'  data-sc_version='1.0'  data-ids=''  data-action=''  data-post_type='post, page, attachment, revision, nav_menu_item, custom_css, customize_changeset, oembed_cache, user_request, wp_block, wp_template, wp_template_part, wp_global_styles, wp_navigation, wp_font_family, wp_font_face, product, product_variation, shop_order, shop_order_refund, shop_order_placehold, avia_framework_post'  data-offset='0'  data-container_links='active'  data-link_dest=''  data-lightbox_text=''  data-container_class='av-masonry-entries'  data-auto_ratio='1.7'  data-set_breadcrumb='1'  data-custom_markup=''  data-taxonomy='category'  data-categories=''  data-avno='57f03e3aa0'>Load more<\/a><\/div>\n<\/p>\n","protected":false},"excerpt":{"rendered":"","protected":false},"author":2,"featured_media":0,"parent":0,"menu_order":0,"comment_status":"closed","ping_status":"closed","template":"","meta":{"footnotes":""},"class_list":["post-1556","page","type-page","status-publish","hentry"],"_links":{"self":[{"href":"https:\/\/nagygombos.com\/en\/wp-json\/wp\/v2\/pages\/1556","targetHints":{"allow":["GET"]}}],"collection":[{"href":"https:\/\/nagygombos.com\/en\/wp-json\/wp\/v2\/pages"}],"about":[{"href":"https:\/\/nagygombos.com\/en\/wp-json\/wp\/v2\/types\/page"}],"author":[{"embeddable":true,"href":"https:\/\/nagygombos.com\/en\/wp-json\/wp\/v2\/users\/2"}],"replies":[{"embeddable":true,"href":"https:\/\/nagygombos.com\/en\/wp-json\/wp\/v2\/comments?post=1556"}],"version-history":[{"count":2,"href":"https:\/\/nagygombos.com\/en\/wp-json\/wp\/v2\/pages\/1556\/revisions"}],"predecessor-version":[{"id":1728,"href":"https:\/\/nagygombos.com\/en\/wp-json\/wp\/v2\/pages\/1556\/revisions\/1728"}],"wp:attachment":[{"href":"https:\/\/nagygombos.com\/en\/wp-json\/wp\/v2\/media?parent=1556"}],"curies":[{"name":"wp","href":"https:\/\/api.w.org\/{rel}","templated":true}]}}